{"id":1997,"date":"2025-10-09T12:05:46","date_gmt":"2025-10-09T12:05:46","guid":{"rendered":"https:\/\/girnetcontracting.ca\/fr-politique-cookie\/"},"modified":"2025-10-09T12:35:29","modified_gmt":"2025-10-09T12:35:29","slug":"fr-politique-cookie","status":"publish","type":"page","link":"https:\/\/girnetcontracting.ca\/fr\/fr-politique-cookie\/","title":{"rendered":"Politique sur les t\u00e9moins de connexion (cookies)"},"content":{"rendered":"\n<p>Cette page fournit des renseignements complets sur la fa\u00e7on dont nous utilisons les t\u00e9moins (cookies) sur notre site Web afin d\u2019am\u00e9liorer votre exp\u00e9rience de navigation, d\u2019optimiser la performance du site et d\u2019offrir du contenu personnalis\u00e9.<br>\n  <br>Les t\u00e9moins sont de petits fichiers texte enregistr\u00e9s sur votre appareil lorsque vous visitez notre site. Ils nous aident \u00e0 comprendre comment les visiteurs interagissent avec notre site Web, ce qui nous permet d\u2019offrir une exp\u00e9rience utilisateur plus fluide et plus efficace.<br><br>Dans le tableau ci-dessous, vous trouverez des renseignements d\u00e9taill\u00e9s sur chaque type de t\u00e9moin que nous utilisons, leur objectif ainsi que leur dur\u00e9e de conservation sur votre appareil.<br>Nous nous engageons \u00e0 respecter votre vie priv\u00e9e et \u00e0 faire preuve de transparence concernant les donn\u00e9es que nous recueillons au moyen des t\u00e9moins.<br><br>Pour en savoir plus sur la fa\u00e7on dont nous traitons vos renseignements personnels, veuillez consulter notre <a href=\"https:\/\/girnetcontracting.ca\/fr\/politique-de-confidentialite\/\">Politique de confidentialit\u00e9.<\/a>\n     <\/p>\n\n<div class=\"wpconsent-cookie-policy\"><h2 class=\"wpconsent-cookie-category-name\">Essential<\/h2><p class=\"wpconsent-cookie-category-description\">Essential cookies enable basic functions and are necessary for the proper function of the website.<\/p><table class=\"wpconsent-cookie-policy-table\"><tr><th>Name<\/th><th>Description<\/th><th>Duration<\/th><\/tr><tr><td>wpconsent_preferences<\/td><td>This cookie is used to store the user&#039;s cookie consent preferences.<\/td><td>30 days<\/td><\/tr><\/table><\/div>\n\n\n<p><\/p>\n","protected":false},"excerpt":{"rendered":"<p>Cette page fournit des renseignements complets sur la fa\u00e7on dont nous utilisons les t\u00e9moins (cookies) sur notre site Web afin d\u2019am\u00e9liorer votre exp\u00e9rience de navigation, d\u2019optimiser la performance du site et d\u2019offrir du contenu personnalis\u00e9. Les t\u00e9moins sont de petits fichiers texte enregistr\u00e9s sur votre appareil lorsque vous visitez notre site. Ils nous aident \u00e0 [&hellip;]<\/p>\n","protected":false},"author":7,"featured_media":0,"parent":0,"menu_order":0,"comment_status":"closed","ping_status":"closed","template":"","meta":{"_monsterinsights_skip_tracking":false,"_monsterinsights_sitenote_active":false,"_monsterinsights_sitenote_note":"","_monsterinsights_sitenote_category":0,"_uf_show_specific_survey":0,"_uf_disable_surveys":false,"footnotes":""},"class_list":["post-1997","page","type-page","status-publish","hentry"],"aioseo_notices":[],"_links":{"self":[{"href":"https:\/\/girnetcontracting.ca\/fr\/wp-json\/wp\/v2\/pages\/1997","targetHints":{"allow":["GET"]}}],"collection":[{"href":"https:\/\/girnetcontracting.ca\/fr\/wp-json\/wp\/v2\/pages"}],"about":[{"href":"https:\/\/girnetcontracting.ca\/fr\/wp-json\/wp\/v2\/types\/page"}],"author":[{"embeddable":true,"href":"https:\/\/girnetcontracting.ca\/fr\/wp-json\/wp\/v2\/users\/7"}],"replies":[{"embeddable":true,"href":"https:\/\/girnetcontracting.ca\/fr\/wp-json\/wp\/v2\/comments?post=1997"}],"version-history":[{"count":6,"href":"https:\/\/girnetcontracting.ca\/fr\/wp-json\/wp\/v2\/pages\/1997\/revisions"}],"predecessor-version":[{"id":2004,"href":"https:\/\/girnetcontracting.ca\/fr\/wp-json\/wp\/v2\/pages\/1997\/revisions\/2004"}],"wp:attachment":[{"href":"https:\/\/girnetcontracting.ca\/fr\/wp-json\/wp\/v2\/media?parent=1997"}],"curies":[{"name":"wp","href":"https:\/\/api.w.org\/{rel}","templated":true}]}}