{"id":1594,"date":"2023-09-18T18:44:38","date_gmt":"2023-09-18T18:44:38","guid":{"rendered":"https:\/\/girnetcontracting.ca\/contactez-nous\/"},"modified":"2025-10-06T14:04:19","modified_gmt":"2025-10-06T14:04:19","slug":"contactez-nous","status":"publish","type":"page","link":"https:\/\/girnetcontracting.ca\/fr\/contactez-nous\/","title":{"rendered":"Contactez nous"},"content":{"rendered":"\t\t<div data-elementor-type=\"wp-page\" data-elementor-id=\"1594\" class=\"elementor elementor-1594 elementor-224\" data-elementor-post-type=\"page\">\n\t\t\t\t<div data-particle_enable=\"false\" data-particle-mobile-disabled=\"false\" class=\"elementor-element elementor-element-02774eb e-flex e-con-boxed e-con e-parent\" data-id=\"02774eb\" data-element_type=\"container\" data-e-type=\"container\" data-settings=\"{&quot;background_background&quot;:&quot;classic&quot;,&quot;shape_divider_bottom&quot;:&quot;opacity-tilt&quot;}\">\n\t\t\t\t\t<div class=\"e-con-inner\">\n\t\t\t\t<div class=\"elementor-shape elementor-shape-bottom\" aria-hidden=\"true\" data-negative=\"false\">\n\t\t\t<svg xmlns=\"http:\/\/www.w3.org\/2000\/svg\" viewBox=\"0 0 2600 131.1\" preserveAspectRatio=\"none\">\n\t<path class=\"elementor-shape-fill\" d=\"M0 0L2600 0 2600 69.1 0 0z\"\/>\n\t<path class=\"elementor-shape-fill\" style=\"opacity:0.5\" d=\"M0 0L2600 0 2600 69.1 0 69.1z\"\/>\n\t<path class=\"elementor-shape-fill\" style=\"opacity:0.25\" d=\"M2600 0L0 0 0 130.1 2600 69.1z\"\/>\n<\/svg>\t\t<\/div>\n\t\t\t\t<div class=\"elementor-element elementor-element-052f0c7 elementor-widget elementor-widget-heading\" data-id=\"052f0c7\" data-element_type=\"widget\" data-e-type=\"widget\" data-widget_type=\"heading.default\">\n\t\t\t\t<div class=\"elementor-widget-container\">\n\t\t\t\t\t<h2 class=\"elementor-heading-title elementor-size-default\">Contactez nous<\/h2>\t\t\t\t<\/div>\n\t\t\t\t<\/div>\n\t\t\t\t<div class=\"elementor-element elementor-element-bf14dce elementor-widget elementor-widget-text-editor\" data-id=\"bf14dce\" data-element_type=\"widget\" data-e-type=\"widget\" data-widget_type=\"text-editor.default\">\n\t\t\t\t<div class=\"elementor-widget-container\">\n\t\t\t\t\t\t\t\t\t<p>Nous comprenons qu&rsquo;une maison est plus qu&rsquo;une simple structure physique &#8211; c&rsquo;est le reflet de qui nous sommes et de la vie que nous menons.<\/p><p>C&rsquo;est pourquoi nous nous effor\u00e7ons d&rsquo;aider nos clients \u00e0 cr\u00e9er une maison qui r\u00e9pond non seulement \u00e0 leurs besoins fonctionnels, mais qui refl\u00e8te \u00e9galement leur style et leurs go\u00fbts personnels.<\/p><p>Notre \u00e9quipe de professionnels qualifi\u00e9s poss\u00e8de des ann\u00e9es d&rsquo;exp\u00e9rience dans le secteur de la r\u00e9novation de l&rsquo;habitat et s&rsquo;engage \u00e0 se tenir au courant des derni\u00e8res tendances et techniques.<\/p>\t\t\t\t\t\t\t\t<\/div>\n\t\t\t\t<\/div>\n\t\t\t\t\t<\/div>\n\t\t\t\t<\/div>\n\t\t<div data-particle_enable=\"false\" data-particle-mobile-disabled=\"false\" class=\"elementor-element elementor-element-d4eb750 e-flex e-con-boxed e-con e-parent\" data-id=\"d4eb750\" data-element_type=\"container\" data-e-type=\"container\">\n\t\t\t\t\t<div class=\"e-con-inner\">\n\t\t<div data-particle_enable=\"false\" data-particle-mobile-disabled=\"false\" class=\"elementor-element elementor-element-1e69cc3 e-flex e-con-boxed e-con e-child\" data-id=\"1e69cc3\" data-element_type=\"container\" data-e-type=\"container\">\n\t\t\t\t\t<div class=\"e-con-inner\">\n\t\t<div data-particle_enable=\"false\" data-particle-mobile-disabled=\"false\" class=\"elementor-element elementor-element-46417a4 e-con-full e-flex e-con e-child\" data-id=\"46417a4\" data-element_type=\"container\" data-e-type=\"container\">\n\t\t\t\t<\/div>\n\t\t<div data-particle_enable=\"false\" data-particle-mobile-disabled=\"false\" class=\"elementor-element elementor-element-515dec4 e-flex e-con-boxed e-con e-child\" data-id=\"515dec4\" data-element_type=\"container\" data-e-type=\"container\">\n\t\t\t\t\t<div class=\"e-con-inner\">\n\t\t\t\t<div class=\"elementor-element elementor-element-6312da9 elementor-widget elementor-widget-google_maps\" data-id=\"6312da9\" data-element_type=\"widget\" data-e-type=\"widget\" data-widget_type=\"google_maps.default\">\n\t\t\t\t<div class=\"elementor-widget-container\">\n\t\t\t\t\t\t\t<div class=\"elementor-custom-embed\">\n\t\t\t<iframe loading=\"lazy\"\n\t\t\t\t\tsrc=\"https:\/\/www.google.com\/maps\/embed\/v1\/place?key=AIzaSyD1P8UaQrrSM1bcEbslXXdIs5dG0s0ixBQ&#038;q=girnet%20contracting&#038;zoom=10\"\n\t\t\t\t\ttitle=\"girnet contracting\"\n\t\t\t\t\taria-label=\"girnet contracting\"\n\t\t\t><\/iframe>\n\t\t<\/div>\n\t\t\t\t\t\t<\/div>\n\t\t\t\t<\/div>\n\t\t\t\t<div class=\"elementor-element elementor-element-951c37e eael-table-align-left eael-dt-th-align-left elementor-widget elementor-widget-eael-data-table\" data-id=\"951c37e\" data-element_type=\"widget\" data-e-type=\"widget\" data-widget_type=\"eael-data-table.default\">\n\t\t\t\t<div class=\"elementor-widget-container\">\n\t\t\t\t\t<style>\n\t\t\t@media (max-width: 767px) {\n\t\t\t   #eael-data-table-wrapper-951c37e.custom-responsive-option-enable .eael-data-table thead {\n                    display: none;\n               }\n               #eael-data-table-wrapper-951c37e.custom-responsive-option-enable .eael-data-table tbody tr td {\n                    float: none;\n                    clear: left;\n                    width: 100%;\n                    text-align: left;\n                    display: flex;\n                    align-items: center;\n                }\n\t\t\t}\n\t\t\t<\/style>\t\t<div class=\"eael-data-table-wrap custom-responsive-option-enable\" data-table_id=\"951c37e\" id=\"eael-data-table-wrapper-951c37e\" data-custom_responsive=\"true\">\n\t\t\t<table class=\"tablesorter eael-data-table left\" id=\"eael-data-table-951c37e\">\n\t\t\t    <thead>\n\t\t\t        <tr class=\"table-header\">\n\t\t\t\t\t\t\t\t\t            <th class=\" sorting\" id=\"\" colspan=\"\">\n\t\t\t\t\t\t\t\t\t\t\t\t\t\t<span class=\"data-table-header-text\">Zone de service<\/span><\/th>\n\t\t\t        \t\t\t\t            <th class=\" sorting\" id=\"\" colspan=\"\">\n\t\t\t\t\t\t\t\t\t\t\t\t\t\t<span class=\"data-table-header-text\">Gatineau - Ottawa<\/span><\/th>\n\t\t\t        \t\t\t\t        <\/tr>\n\t\t\t    <\/thead>\n\t\t\t  \t<tbody>\n\t\t\t\t\t\t\t\t\t\t\t<tr>\n\t\t\t\t\t\t\t\t\t\t\t\t\t\t\t\t   \t\t\t\t\t\t\t\t\t\t\t<td colspan=\"\" rowspan=\"\" class=\"\" id=\"\">\n\t\t\t\t\t\t\t\t\t\t\t\t<div class=\"td-content-wrapper\"><div class=\"td-content\">\n\t\t\t\t\t\t\t\t\t\t\t\t\tT\u00e9l\u00e9phone :  \t\t\t\t\t\t\t\t\t\t\t\t<\/div><\/div>\n\t\t\t\t\t\t\t\t\t\t\t<\/td>\n\t\t\t\t\t\t\t\t\t\t\t\t\t\t\t\t\t\t\t\t\t\t\t\t\t\t\t\t\t   \t\t\t\t\t\t\t\t\t\t\t<td colspan=\"\" rowspan=\"\" class=\"\" id=\"\">\n\t\t\t\t\t\t\t\t\t\t\t\t<div class=\"td-content-wrapper\"><div class=\"td-content\">\n\t\t\t\t\t\t\t\t\t\t\t\t\t<a href=\"tel:+18193199194\">819 319-9194<\/a>\t\t\t\t\t\t\t\t\t\t\t\t<\/div><\/div>\n\t\t\t\t\t\t\t\t\t\t\t<\/td>\n\t\t\t\t\t\t\t\t\t\t\t\t\t\t\t\t\t\t\t\t\t\t\t\t\t\t<\/tr>\n\t\t\t        \t\t\t\t\t\t<tr>\n\t\t\t\t\t\t\t\t\t\t\t\t\t\t\t\t   \t\t\t\t\t\t\t\t\t\t\t<td colspan=\"\" rowspan=\"\" class=\"\" id=\"\">\n\t\t\t\t\t\t\t\t\t\t\t\t<div class=\"td-content-wrapper\"><div class=\"td-content\">\n\t\t\t\t\t\t\t\t\t\t\t\t\tCourriel :  \t\t\t\t\t\t\t\t\t\t\t\t<\/div><\/div>\n\t\t\t\t\t\t\t\t\t\t\t<\/td>\n\t\t\t\t\t\t\t\t\t\t\t\t\t\t\t\t\t\t\t\t\t\t\t\t\t\t\t\t\t   \t\t\t\t\t\t\t\t\t\t\t<td colspan=\"\" rowspan=\"\" class=\"\" id=\"\">\n\t\t\t\t\t\t\t\t\t\t\t\t<div class=\"td-content-wrapper\"><div class=\"td-content\">\n\t\t\t\t\t\t\t\t\t\t\t\t\t<a href=\"mailto:info@girnetcontracting.ca\">info@girnetcontracting.ca<\/a>\t\t\t\t\t\t\t\t\t\t\t\t<\/div><\/div>\n\t\t\t\t\t\t\t\t\t\t\t<\/td>\n\t\t\t\t\t\t\t\t\t\t\t\t\t\t\t\t\t\t\t\t\t\t\t\t\t\t<\/tr>\n\t\t\t        \t\t\t    <\/tbody>\n\t\t\t<\/table>\n\t\t<\/div>\n\t  \t\t\t\t\t<\/div>\n\t\t\t\t<\/div>\n\t\t\t\t\t<\/div>\n\t\t\t\t<\/div>\n\t\t\t\t\t<\/div>\n\t\t\t\t<\/div>\n\t\t\t\t\t<\/div>\n\t\t\t\t<\/div>\n\t\t<div data-particle_enable=\"false\" data-particle-mobile-disabled=\"false\" class=\"elementor-element elementor-element-a4639a0 e-flex e-con-boxed e-con e-parent\" data-id=\"a4639a0\" data-element_type=\"container\" data-e-type=\"container\">\n\t\t\t\t\t<div class=\"e-con-inner\">\n\t\t\t\t<div class=\"elementor-element elementor-element-a11b036 elementor-widget elementor-widget-heading\" data-id=\"a11b036\" data-element_type=\"widget\" data-e-type=\"widget\" data-widget_type=\"heading.default\">\n\t\t\t\t<div class=\"elementor-widget-container\">\n\t\t\t\t\t<h2 class=\"elementor-heading-title elementor-size-default\">Questions fr\u00e9quemment pos\u00e9es<\/h2>\t\t\t\t<\/div>\n\t\t\t\t<\/div>\n\t\t\t\t<div class=\"elementor-element elementor-element-b865825 elementor-widget elementor-widget-heading\" data-id=\"b865825\" data-element_type=\"widget\" data-e-type=\"widget\" data-widget_type=\"heading.default\">\n\t\t\t\t<div class=\"elementor-widget-container\">\n\t\t\t\t\t<h3 class=\"elementor-heading-title elementor-size-default\">Comment choisir le bon entrepreneur en salle de bain pr\u00e8s de chez moi \u00e0 Gatineau ?<\/h3>\t\t\t\t<\/div>\n\t\t\t\t<\/div>\n\t\t\t\t<div class=\"elementor-element elementor-element-0159d29 elementor-widget elementor-widget-text-editor\" data-id=\"0159d29\" data-element_type=\"widget\" data-e-type=\"widget\" data-widget_type=\"text-editor.default\">\n\t\t\t\t<div class=\"elementor-widget-container\">\n\t\t\t\t\t\t\t\t\t<p>Recherchez de l&rsquo;exp\u00e9rience locale, de bonnes critiques et un portfolio clair. Un entrepreneur qui vit et travaille dans la r\u00e9gion de Gatineau comprendra les codes locaux, parlera votre langue (litt\u00e9ralement et stylistiquement) et sera disponible pour des visites rapides du chantier. Vous obtiendrez des points bonus s&rsquo;il a d\u00e9j\u00e0 des clients satisfaits \u00e0 Aylmer ou \u00e0 Chelsea.  <\/p>\t\t\t\t\t\t\t\t<\/div>\n\t\t\t\t<\/div>\n\t\t\t\t\t<\/div>\n\t\t\t\t<\/div>\n\t\t<div data-particle_enable=\"false\" data-particle-mobile-disabled=\"false\" class=\"elementor-element elementor-element-c67b1f3 e-flex e-con-boxed e-con e-parent\" data-id=\"c67b1f3\" data-element_type=\"container\" data-e-type=\"container\">\n\t\t\t\t\t<div class=\"e-con-inner\">\n\t\t\t\t<div class=\"elementor-element elementor-element-bdad70c elementor-widget elementor-widget-heading\" data-id=\"bdad70c\" data-element_type=\"widget\" data-e-type=\"widget\" data-widget_type=\"heading.default\">\n\t\t\t\t<div class=\"elementor-widget-container\">\n\t\t\t\t\t<h3 class=\"elementor-heading-title elementor-size-default\">Pourquoi devrais-je faire appel \u00e0 un entrepreneur en salle de bain licenci\u00e9 \u00e0 Aylmer ou \u00e0 Chelsea ?<\/h3>\t\t\t\t<\/div>\n\t\t\t\t<\/div>\n\t\t\t\t<div class=\"elementor-element elementor-element-e606d13 elementor-widget elementor-widget-text-editor\" data-id=\"e606d13\" data-element_type=\"widget\" data-e-type=\"widget\" data-widget_type=\"text-editor.default\">\n\t\t\t\t<div class=\"elementor-widget-container\">\n\t\t\t\t\t\t\t\t\t<p>L&#8217;embauche d&rsquo;un entrepreneur agr\u00e9\u00e9 \u00e0 Aylmer ou \u00e0 Chelsea garantit que vos travaux de r\u00e9novation seront effectu\u00e9s en toute s\u00e9curit\u00e9, qu&rsquo;ils seront conformes au code et qu&rsquo;ils seront assur\u00e9s. Les licences locales signifient que votre entrepreneur conna\u00eet les r\u00e8glements propres au Qu\u00e9bec &#8211; pas de surprises, pas de retards. <\/p>\t\t\t\t\t\t\t\t<\/div>\n\t\t\t\t<\/div>\n\t\t\t\t\t<\/div>\n\t\t\t\t<\/div>\n\t\t<div data-particle_enable=\"false\" data-particle-mobile-disabled=\"false\" class=\"elementor-element elementor-element-10044d5 e-flex e-con-boxed e-con e-parent\" data-id=\"10044d5\" data-element_type=\"container\" data-e-type=\"container\">\n\t\t\t\t\t<div class=\"e-con-inner\">\n\t\t\t\t<div class=\"elementor-element elementor-element-a768dd9 elementor-widget elementor-widget-heading\" data-id=\"a768dd9\" data-element_type=\"widget\" data-e-type=\"widget\" data-widget_type=\"heading.default\">\n\t\t\t\t<div class=\"elementor-widget-container\">\n\t\t\t\t\t<h3 class=\"elementor-heading-title elementor-size-default\">Combien de temps dure habituellement la r\u00e9novation d'une salle de bain \u00e0 Gatineau ?<\/h3>\t\t\t\t<\/div>\n\t\t\t\t<\/div>\n\t\t\t\t<div class=\"elementor-element elementor-element-8233ee6 elementor-widget elementor-widget-text-editor\" data-id=\"8233ee6\" data-element_type=\"widget\" data-e-type=\"widget\" data-widget_type=\"text-editor.default\">\n\t\t\t\t<div class=\"elementor-widget-container\">\n\t\t\t\t\t\t\t\t\t<p>Selon l&rsquo;ampleur des travaux, une r\u00e9novation de salle de bains \u00e0 Gatineau prend de deux \u00e0 quatre semaines. L&#8217;embauche d&rsquo;un entrepreneur \u00e0 proximit\u00e9 acc\u00e9l\u00e8re les choses, car il est en mesure de faire des v\u00e9rifications r\u00e9guli\u00e8res et de r\u00e9gler les probl\u00e8mes rapidement. <\/p>\t\t\t\t\t\t\t\t<\/div>\n\t\t\t\t<\/div>\n\t\t\t\t\t<\/div>\n\t\t\t\t<\/div>\n\t\t<div data-particle_enable=\"false\" data-particle-mobile-disabled=\"false\" class=\"elementor-element elementor-element-021d491 e-flex e-con-boxed e-con e-parent\" data-id=\"021d491\" data-element_type=\"container\" data-e-type=\"container\">\n\t\t\t\t\t<div class=\"e-con-inner\">\n\t\t\t\t<div class=\"elementor-element elementor-element-769dd45 elementor-widget elementor-widget-heading\" data-id=\"769dd45\" data-element_type=\"widget\" data-e-type=\"widget\" data-widget_type=\"heading.default\">\n\t\t\t\t<div class=\"elementor-widget-container\">\n\t\t\t\t\t<h3 class=\"elementor-heading-title elementor-size-default\">Quel est le co\u00fbt moyen d'une r\u00e9novation de salle de bain \u00e0 Chelsea, au Qu\u00e9bec ?<\/h3>\t\t\t\t<\/div>\n\t\t\t\t<\/div>\n\t\t\t\t<div class=\"elementor-element elementor-element-f95b4d1 elementor-widget elementor-widget-text-editor\" data-id=\"f95b4d1\" data-element_type=\"widget\" data-e-type=\"widget\" data-widget_type=\"text-editor.default\">\n\t\t\t\t<div class=\"elementor-widget-container\">\n\t\t\t\t\t\t\t\t\t<p data-start=\"1438\" data-end=\"1699\">Cela varie, mais la plupart des r\u00e9novations de salles de bains de qualit\u00e9 \u00e0 Chelsea se situent entre 12 000 et 25 000 dollars. Le co\u00fbt d\u00e9pend des finitions, des accessoires et de l&rsquo;installation de la plomberie. Une <strong data-start=\"1600\" data-end=\"1628\">entreprise de r\u00e9novation locale<\/strong> peut vous fournir un devis plus pr\u00e9cis en se basant sur les prix r\u00e9gionaux en temps r\u00e9el.  <\/p>\t\t\t\t\t\t\t\t<\/div>\n\t\t\t\t<\/div>\n\t\t\t\t\t<\/div>\n\t\t\t\t<\/div>\n\t\t<div data-particle_enable=\"false\" data-particle-mobile-disabled=\"false\" class=\"elementor-element elementor-element-6779c86 e-flex e-con-boxed e-con e-parent\" data-id=\"6779c86\" data-element_type=\"container\" data-e-type=\"container\">\n\t\t\t\t\t<div class=\"e-con-inner\">\n\t\t\t\t<div class=\"elementor-element elementor-element-8828308 elementor-widget elementor-widget-heading\" data-id=\"8828308\" data-element_type=\"widget\" data-e-type=\"widget\" data-widget_type=\"heading.default\">\n\t\t\t\t<div class=\"elementor-widget-container\">\n\t\t\t\t\t<h3 class=\"elementor-heading-title elementor-size-default\">Une petite salle de bains peut-elle rester luxueuse ?<\/h3>\t\t\t\t<\/div>\n\t\t\t\t<\/div>\n\t\t\t\t<div class=\"elementor-element elementor-element-08e4a1c elementor-widget elementor-widget-text-editor\" data-id=\"08e4a1c\" data-element_type=\"widget\" data-e-type=\"widget\" data-widget_type=\"text-editor.default\">\n\t\t\t\t<div class=\"elementor-widget-container\">\n\t\t\t\t\t\t\t\t\t<p data-start=\"1762\" data-end=\"2007\">Absolument. Avec le bon entrepreneur et le bon design, m\u00eame une petite salle de bains d&rsquo;Aylmer peut ressembler \u00e0 un spa. Des carreaux personnalis\u00e9s, des meubles-lavabos flottants et un \u00e9clairage intelligent font beaucoup de chemin &#8211; et un <strong data-start=\"1938\" data-end=\"1969\">r\u00e9novateur de salle de bains pr\u00e8s de chez vous<\/strong> saura comment maximiser votre espace.  <\/p>\t\t\t\t\t\t\t\t<\/div>\n\t\t\t\t<\/div>\n\t\t\t\t\t<\/div>\n\t\t\t\t<\/div>\n\t\t<div data-particle_enable=\"false\" data-particle-mobile-disabled=\"false\" class=\"elementor-element elementor-element-2b52f29 e-flex e-con-boxed e-con e-parent\" data-id=\"2b52f29\" data-element_type=\"container\" data-e-type=\"container\">\n\t\t\t\t\t<div class=\"e-con-inner\">\n\t\t\t\t<div class=\"elementor-element elementor-element-79cb3c7 elementor-widget elementor-widget-heading\" data-id=\"79cb3c7\" data-element_type=\"widget\" data-e-type=\"widget\" data-widget_type=\"heading.default\">\n\t\t\t\t<div class=\"elementor-widget-container\">\n\t\t\t\t\t<h3 class=\"elementor-heading-title elementor-size-default\">Ai-je besoin de permis pour r\u00e9nover une salle de bain \u00e0 Gatineau ?<\/h3>\t\t\t\t<\/div>\n\t\t\t\t<\/div>\n\t\t\t\t<div class=\"elementor-element elementor-element-6cce607 elementor-widget elementor-widget-text-editor\" data-id=\"6cce607\" data-element_type=\"widget\" data-e-type=\"widget\" data-widget_type=\"text-editor.default\">\n\t\t\t\t<div class=\"elementor-widget-container\">\n\t\t\t\t\t\t\t\t\t<p data-start=\"2084\" data-end=\"2309\">Habituellement, oui, surtout si vous changez la plomberie ou les syst\u00e8mes \u00e9lectriques. Un <strong data-start=\"2161\" data-end=\"2196\">entrepreneur agr\u00e9\u00e9 de Gatineau<\/strong> obtiendra les bons permis pour vous et s&rsquo;assurera que tout est en ordre, de sorte que vous ne rencontrerez pas de probl\u00e8mes plus tard. <\/p>\t\t\t\t\t\t\t\t<\/div>\n\t\t\t\t<\/div>\n\t\t\t\t\t<\/div>\n\t\t\t\t<\/div>\n\t\t<div data-particle_enable=\"false\" data-particle-mobile-disabled=\"false\" class=\"elementor-element elementor-element-05b1193 e-flex e-con-boxed e-con e-parent\" data-id=\"05b1193\" data-element_type=\"container\" data-e-type=\"container\">\n\t\t\t\t\t<div class=\"e-con-inner\">\n\t\t\t\t<div class=\"elementor-element elementor-element-19e703d elementor-widget elementor-widget-heading\" data-id=\"19e703d\" data-element_type=\"widget\" data-e-type=\"widget\" data-widget_type=\"heading.default\">\n\t\t\t\t<div class=\"elementor-widget-container\">\n\t\t\t\t\t<h3 class=\"elementor-heading-title elementor-size-default\">Quel est l'avantage de travailler avec un entrepreneur local plut\u00f4t qu'avec une cha\u00eene nationale ?<\/h3>\t\t\t\t<\/div>\n\t\t\t\t<\/div>\n\t\t\t\t<div class=\"elementor-element elementor-element-3141d25 elementor-widget elementor-widget-text-editor\" data-id=\"3141d25\" data-element_type=\"widget\" data-e-type=\"widget\" data-widget_type=\"text-editor.default\">\n\t\t\t\t<div class=\"elementor-widget-container\">\n\t\t\t\t\t\t\t\t\t<p data-start=\"2412\" data-end=\"2659\">Les entrepreneurs locaux de Chelsea et d&rsquo;Aylmer offrent un service plus personnalis\u00e9, une communication plus rapide et une meilleure reddition de comptes. Ils sont \u00e9galement plus susceptibles de s&rsquo;approvisionner en mat\u00e9riaux aupr\u00e8s d&rsquo;entreprises locales, ce qui soutient la communaut\u00e9 et raccourcit souvent les d\u00e9lais. <\/p>\t\t\t\t\t\t\t\t<\/div>\n\t\t\t\t<\/div>\n\t\t\t\t\t<\/div>\n\t\t\t\t<\/div>\n\t\t<div data-particle_enable=\"false\" data-particle-mobile-disabled=\"false\" class=\"elementor-element elementor-element-b088b8c e-flex e-con-boxed e-con e-parent\" data-id=\"b088b8c\" data-element_type=\"container\" data-e-type=\"container\">\n\t\t\t\t\t<div class=\"e-con-inner\">\n\t\t\t\t<div class=\"elementor-element elementor-element-cd91373 elementor-widget elementor-widget-heading\" data-id=\"cd91373\" data-element_type=\"widget\" data-e-type=\"widget\" data-widget_type=\"heading.default\">\n\t\t\t\t<div class=\"elementor-widget-container\">\n\t\t\t\t\t<h3 class=\"elementor-heading-title elementor-size-default\">Comment trouver le meilleur entrepreneur de salles de bains \u00e0 proximit\u00e9 ?<\/h3>\t\t\t\t<\/div>\n\t\t\t\t<\/div>\n\t\t\t\t<div class=\"elementor-element elementor-element-a1f623b elementor-widget elementor-widget-text-editor\" data-id=\"a1f623b\" data-element_type=\"widget\" data-e-type=\"widget\" data-widget_type=\"text-editor.default\">\n\t\t\t\t<div class=\"elementor-widget-container\">\n\t\t\t\t\t\t\t\t\t<p>Commencez par chercher dans Google : \u00a0\u00bb entrepreneur en r\u00e9novation de salle de bain pr\u00e8s de chez moi \u00a0\u00bb ou \u00a0\u00bb entreprise de r\u00e9novation \u00e0 Gatineau \u00ab\u00a0. Lisez les commentaires, v\u00e9rifiez les portfolios et, surtout, parlez \u00e0 quelques entrepreneurs pour voir avec qui vous \u00eates en contact. Chez Girnet Contracting, nous fournissons des estimations gratuites dans la r\u00e9gion et nous pouvons vous aider \u00e0 obtenir un devis sans obligation en personne.  <\/p>\t\t\t\t\t\t\t\t<\/div>\n\t\t\t\t<\/div>\n\t\t\t\t\t<\/div>\n\t\t\t\t<\/div>\n\t\t<div data-particle_enable=\"false\" data-particle-mobile-disabled=\"false\" class=\"elementor-element elementor-element-62dddd4 e-flex e-con-boxed e-con e-parent\" data-id=\"62dddd4\" data-element_type=\"container\" data-e-type=\"container\">\n\t\t\t\t\t<div class=\"e-con-inner\">\n\t\t\t\t<div class=\"elementor-element elementor-element-448ea08 elementor-widget elementor-widget-heading\" data-id=\"448ea08\" data-element_type=\"widget\" data-e-type=\"widget\" data-widget_type=\"heading.default\">\n\t\t\t\t<div class=\"elementor-widget-container\">\n\t\t\t\t\t<h3 class=\"elementor-heading-title elementor-size-default\">Quelles sont les caract\u00e9ristiques de la salle de bain qui augmentent le plus la valeur de la maison \u00e0 Gatineau ?<\/h3>\t\t\t\t<\/div>\n\t\t\t\t<\/div>\n\t\t\t\t<div class=\"elementor-element elementor-element-4f4424d elementor-widget elementor-widget-text-editor\" data-id=\"4f4424d\" data-element_type=\"widget\" data-e-type=\"widget\" data-widget_type=\"text-editor.default\">\n\t\t\t\t<div class=\"elementor-widget-container\">\n\t\t\t\t\t\t\t\t\t<p>Les douches de plain-pied, les meubles-lavabos doubles, les planchers chauffants et les appareils \u00e9conerg\u00e9tiques sont des choix de premier ordre sur le march\u00e9 de Gatineau. Un <strong data-start=\"3150\" data-end=\"3177\">expert local en r\u00e9novation<\/strong> peut vous aider \u00e0 choisir des am\u00e9liorations qui augmentent \u00e0 la fois le plaisir et la valeur de revente. <\/p>\t\t\t\t\t\t\t\t<\/div>\n\t\t\t\t<\/div>\n\t\t\t\t\t<\/div>\n\t\t\t\t<\/div>\n\t\t<div data-particle_enable=\"false\" data-particle-mobile-disabled=\"false\" class=\"elementor-element elementor-element-c07670b e-flex e-con-boxed e-con e-parent\" data-id=\"c07670b\" data-element_type=\"container\" data-e-type=\"container\">\n\t\t\t\t\t<div class=\"e-con-inner\">\n\t\t\t\t<div class=\"elementor-element elementor-element-a79df56 elementor-widget elementor-widget-heading\" data-id=\"a79df56\" data-element_type=\"widget\" data-e-type=\"widget\" data-widget_type=\"heading.default\">\n\t\t\t\t<div class=\"elementor-widget-container\">\n\t\t\t\t\t<h3 class=\"elementor-heading-title elementor-size-default\">Combien de temps \u00e0 l'avance devrais-je r\u00e9server une r\u00e9novation de salle de bain \u00e0 Aylmer ?<\/h3>\t\t\t\t<\/div>\n\t\t\t\t<\/div>\n\t\t\t\t<div class=\"elementor-element elementor-element-9589dde elementor-widget elementor-widget-text-editor\" data-id=\"9589dde\" data-element_type=\"widget\" data-e-type=\"widget\" data-widget_type=\"text-editor.default\">\n\t\t\t\t<div class=\"elementor-widget-container\">\n\t\t\t\t\t\t\t\t\t<p data-start=\"4580\" data-end=\"4793\">Planifiez au moins 2 \u00e0 3 mois \u00e0 l&rsquo;avance, surtout pendant les saisons de r\u00e9novation les plus intenses (du printemps \u00e0 l&rsquo;automne). En r\u00e9servant \u00e0 l&rsquo;avance, vous vous assurez que votre <strong data-start=\"4700\" data-end=\"4728\">entrepreneur local de confiance<\/strong> a le temps de bien planifier et de se procurer les mat\u00e9riaux n\u00e9cessaires \u00e0 votre projet. <\/p>\t\t\t\t\t\t\t\t<\/div>\n\t\t\t\t<\/div>\n\t\t\t\t\t<\/div>\n\t\t\t\t<\/div>\n\t\t\t\t<\/div>\n\t\t","protected":false},"excerpt":{"rendered":"<p>Nous comprenons qu&rsquo;une maison est plus qu&rsquo;une simple structure physique &#8211; c&rsquo;est le reflet de qui nous sommes et de la vie que nous menons. C&rsquo;est pourquoi nous nous effor\u00e7ons d&rsquo;aider nos clients \u00e0 cr\u00e9er une maison qui r\u00e9pond non seulement \u00e0 leurs besoins fonctionnels, mais qui refl\u00e8te \u00e9galement leur style et leurs go\u00fbts personnels. [&hellip;]<\/p>\n","protected":false},"author":1,"featured_media":0,"parent":0,"menu_order":0,"comment_status":"closed","ping_status":"closed","template":"","meta":{"_monsterinsights_skip_tracking":false,"_monsterinsights_sitenote_active":false,"_monsterinsights_sitenote_note":"","_monsterinsights_sitenote_category":0,"_uf_show_specific_survey":0,"_uf_disable_surveys":false,"footnotes":""},"class_list":["post-1594","page","type-page","status-publish","hentry"],"aioseo_notices":[],"_links":{"self":[{"href":"https:\/\/girnetcontracting.ca\/fr\/wp-json\/wp\/v2\/pages\/1594","targetHints":{"allow":["GET"]}}],"collection":[{"href":"https:\/\/girnetcontracting.ca\/fr\/wp-json\/wp\/v2\/pages"}],"about":[{"href":"https:\/\/girnetcontracting.ca\/fr\/wp-json\/wp\/v2\/types\/page"}],"author":[{"embeddable":true,"href":"https:\/\/girnetcontracting.ca\/fr\/wp-json\/wp\/v2\/users\/1"}],"replies":[{"embeddable":true,"href":"https:\/\/girnetcontracting.ca\/fr\/wp-json\/wp\/v2\/comments?post=1594"}],"version-history":[{"count":5,"href":"https:\/\/girnetcontracting.ca\/fr\/wp-json\/wp\/v2\/pages\/1594\/revisions"}],"predecessor-version":[{"id":1970,"href":"https:\/\/girnetcontracting.ca\/fr\/wp-json\/wp\/v2\/pages\/1594\/revisions\/1970"}],"wp:attachment":[{"href":"https:\/\/girnetcontracting.ca\/fr\/wp-json\/wp\/v2\/media?parent=1594"}],"curies":[{"name":"wp","href":"https:\/\/api.w.org\/{rel}","templated":true}]}}